{"id":318,"date":"2020-10-10T07:36:58","date_gmt":"2020-10-10T07:36:58","guid":{"rendered":"http:\/\/el.commonsupport.com\/newwp\/hotera\/?page_id=318"},"modified":"2023-08-01T17:01:27","modified_gmt":"2023-08-01T17:01:27","slug":"contactos","status":"publish","type":"page","link":"https:\/\/esplanadaama.pt\/novo\/contactos\/","title":{"rendered":"Contactos"},"content":{"rendered":"\t\t<div data-elementor-type=\"wp-page\" data-elementor-id=\"318\" class=\"elementor elementor-318\">\n\t\t\t\t\t\t\t\t\t<section class=\"elementor-section elementor-top-section elementor-element elementor-element-a7d1a16 elementor-section-boxed elementor-section-height-default elementor-section-height-default\" data-id=\"a7d1a16\" data-element_type=\"section\">\n\t\t\t\t\t\t<div class=\"elementor-container elementor-column-gap-default\">\n\t\t\t\t\t<div class=\"elementor-column elementor-col-100 elementor-top-column elementor-element elementor-element-358d63c\" data-id=\"358d63c\" data-element_type=\"column\">\n\t\t\t<div class=\"elementor-widget-wrap\">\n\t\t\t\t\t\t\t\t\t<\/div>\n\t\t<\/div>\n\t\t\t\t\t\t\t<\/div>\n\t\t<\/section>\n\t\t\t\t<section class=\"elementor-section elementor-top-section elementor-element elementor-element-8f68a51 elementor-section-full_width elementor-section-height-default elementor-section-height-default\" data-id=\"8f68a51\" data-element_type=\"section\">\n\t\t\t\t\t\t<div class=\"elementor-container elementor-column-gap-default\">\n\t\t\t\t\t<div class=\"elementor-column elementor-col-100 elementor-top-column elementor-element elementor-element-19d0eb5\" data-id=\"19d0eb5\" data-element_type=\"column\">\n\t\t\t<div class=\"elementor-widget-wrap elementor-element-populated\">\n\t\t\t\t\t\t\t\t<div class=\"elementor-element elementor-element-73aa86d elementor-widget elementor-widget-hotera_contact_us\" data-id=\"73aa86d\" data-element_type=\"widget\" data-widget_type=\"hotera_contact_us.default\">\n\t\t\t\t<div class=\"elementor-widget-container\">\n\t\t\t        \n        <!--Contact Section-->\n        <section class=\"contact-section-two\">\n            <div class=\"auto-container clearfix\">\n                <div class=\"row clearfix\">\n    \n                    <div class=\"info-col col-lg-6 col-md-12 col-sm-12\">\n                        <div class=\"inner\">\n                            <div class=\"u-text\"><\/div>\n    \n                            <div class=\"info\">\n                                                                <div class=\"info-block\">\n                                    <div class=\"block-inner\">\n                                        <div class=\"icon-box wow zoomInStable\" data-wow-delay=\"0ms\" data-wow-duration=\"2000ms\"><span class=\"icon flaticon-placeholder-1\"><\/span><\/div>\n                                        <h4>Morada<\/h4>\n                                        <div class=\"text\">AVENIDA CORONEL SAMPAIO RIO PRAIA DO PEDROG\u00c3O 2425-458 COIMBR\u00c3O<\/div>\n                                    <\/div>\n                                <\/div>\n                                                                <div class=\"info-block\">\n                                    <div class=\"block-inner\">\n                                        <div class=\"icon-box wow zoomInStable\" data-wow-delay=\"0ms\" data-wow-duration=\"2000ms\"><span class=\"icon flaticon-technology-2\"><\/span><\/div>\n                                        <h4>Contactos<\/h4>\n                                        <div class=\"text\"><a>(+351) 912 266 106<\/a> <br>\n<a href=\"tel:(+351)244011143\">(+351) 244 011 143<\/a><\/div>\n                                    <\/div>\n                                <\/div>\n                                                                <div class=\"info-block\">\n                                    <div class=\"block-inner\">\n                                        <div class=\"icon-box wow zoomInStable\" data-wow-delay=\"0ms\" data-wow-duration=\"2000ms\"><span class=\"icon flaticon-email-1\"><\/span><\/div>\n                                        <h4>Email <\/h4>\n                                        <div class=\"text\"><a href=\"mailto:info@esplanadaama.pt\">info@esplanadaama.pt<\/a> <br>\n<a>reservas@esplanadaama.pt<\/a><\/div>\n                                    <\/div>\n                                <\/div>\n                                                            <\/div>\n                        <\/div>\n                    <\/div>\n                    <div class=\"form-col col-lg-6 col-md-12 col-sm-12\">\n                        <div class=\"inner\">\n                            <div class=\"form-box default-form contact-form-two wow fadeInRight\" data-wow-delay=\"0ms\" data-wow-duration=\"1500ms\">\n                                <h3>Tem alguma d\u00favida?<\/h3>\n                                <div class=\"text\">Para fazer a sua reserva preencha os dados abaixo e clique em Enviar e entraremos em contato.<\/div>\n                                \n<div class=\"wpcf7 no-js\" id=\"wpcf7-f347-o1\" lang=\"en-US\" dir=\"ltr\">\n<div class=\"screen-reader-response\"><p role=\"status\" aria-live=\"polite\" aria-atomic=\"true\"><\/p> <ul><\/ul><\/div>\n<form action=\"\/novo\/wp-json\/wp\/v2\/pages\/318#wpcf7-f347-o1\" method=\"post\" class=\"wpcf7-form init\" aria-label=\"Contact form\" novalidate=\"novalidate\" data-status=\"init\">\n<div style=\"display: none;\">\n<input type=\"hidden\" name=\"_wpcf7\" value=\"347\" \/>\n<input type=\"hidden\" name=\"_wpcf7_version\" value=\"5.7.7\" \/>\n<input type=\"hidden\" name=\"_wpcf7_locale\" value=\"en_US\" \/>\n<input type=\"hidden\" name=\"_wpcf7_unit_tag\" value=\"wpcf7-f347-o1\" \/>\n<input type=\"hidden\" name=\"_wpcf7_container_post\" value=\"0\" \/>\n<input type=\"hidden\" name=\"_wpcf7_posted_data_hash\" value=\"\" \/>\n<\/div>\n<div class=\"form-group\">\n\t<div class=\"field-inner\">\n\t\t<p><span class=\"wpcf7-form-control-wrap\" data-name=\"text-445\"><input size=\"40\" class=\"wpcf7-form-control wpcf7-text wpcf7-validates-as-required\" aria-required=\"true\" aria-invalid=\"false\" placeholder=\"Nome\" value=\"\" type=\"text\" name=\"text-445\" \/><\/span>\n\t\t<\/p>\n\t<\/div>\n<\/div>\n<div class=\"form-group\">\n\t<div class=\"field-inner\">\n\t\t<p><span class=\"wpcf7-form-control-wrap\" data-name=\"text-446\"><input size=\"40\" class=\"wpcf7-form-control wpcf7-text wpcf7-validates-as-required\" aria-required=\"true\" aria-invalid=\"false\" placeholder=\"Contacto\" value=\"\" type=\"text\" name=\"text-446\" \/><\/span>\n\t\t<\/p>\n\t<\/div>\n<\/div>\n<div class=\"form-group\">\n\t<div class=\"field-inner\">\n\t\t<p><span class=\"wpcf7-form-control-wrap\" data-name=\"email-507\"><input size=\"40\" class=\"wpcf7-form-control wpcf7-text wpcf7-email wpcf7-validates-as-required wpcf7-validates-as-email\" aria-required=\"true\" aria-invalid=\"false\" placeholder=\"Email\" value=\"\" type=\"email\" name=\"email-507\" \/><\/span>\n\t\t<\/p>\n\t<\/div>\n<\/div>\n<p><span class=\"wpcf7-form-control-wrap\" data-name=\"date-400\"><input class=\"wpcf7-form-control wpcf7-date wpcf7-validates-as-required wpcf7-validates-as-date Data\" id=\"Data\" aria-required=\"true\" aria-invalid=\"false\" value=\"Data\" type=\"date\" name=\"date-400\" \/><\/span>\n<\/p>\n<div class=\"form-group\">\n\t<div class=\"field-inner\">\n\t\t<p><span class=\"wpcf7-form-control-wrap\" data-name=\"text-445\"><input size=\"40\" class=\"wpcf7-form-control wpcf7-text wpcf7-validates-as-required\" aria-required=\"true\" aria-invalid=\"false\" placeholder=\"Assunto\" value=\"\" type=\"text\" name=\"text-445\" \/><\/span>\n\t\t<\/p>\n\t<\/div>\n<\/div>\n<div class=\"form-group\">\n\t<div class=\"field-inner\">\n\t\t<p><span class=\"wpcf7-form-control-wrap\" data-name=\"textarea-261\"><textarea cols=\"40\" rows=\"10\" class=\"wpcf7-form-control wpcf7-textarea\" aria-invalid=\"false\" placeholder=\"Mensagem\" name=\"textarea-261\"><\/textarea><\/span>\n\t\t<\/p>\n\t<\/div>\n<\/div>\n<div class=\"form-group\">\n\t<p><button class=\"theme-btn btn-style-one\"><span class=\"btn-title\">Enviar<\/span><\/button>\n\t<\/p>\n<\/div><div class=\"wpcf7-response-output\" aria-hidden=\"true\"><\/div>\n<\/form>\n<\/div>\n                            <\/div>\n                        <\/div>\n                    <\/div>\n    \n                <\/div>\n            <\/div>\n        <\/section>\n        \n\t\t\t\t<\/div>\n\t\t\t\t<\/div>\n\t\t\t\t<div class=\"elementor-element elementor-element-65ab0fe elementor-widget elementor-widget-hotera_google_map\" data-id=\"65ab0fe\" data-element_type=\"widget\" data-widget_type=\"hotera_google_map.default\">\n\t\t\t\t<div class=\"elementor-widget-container\">\n\t\t\t        \n        <!--Map Section-->\n        <section class=\"map-section\">\n            <div class=\"map-layer\">\n                <iframe src=\"https:\/\/www.google.com\/maps\/embed?pb=!1m18!1m12!1m3!1d3693.8677636256316!2d-8.952447923565815!3d39.92556558538622!2m3!1f0!2f0!3f0!3m2!1i1024!2i768!4f13.1!3m3!1m2!1s0xd2217b3c680eb37%3A0xa59e8b42516e5326!2sEsplanada%20da%20Ama!5e1!3m2!1spt-PT!2spt!4v1690820985143!5m2!1spt-PT!2spt\" width=\"100%\" height=\"450\" style=\"border:0;\" allowfullscreen=\"\" loading=\"lazy\" referrerpolicy=\"no-referrer-when-downgrade\"><\/iframe>            <\/div>\n        <\/section>\n        \n\t\t\t\t<\/div>\n\t\t\t\t<\/div>\n\t\t\t\t\t<\/div>\n\t\t<\/div>\n\t\t\t\t\t\t\t<\/div>\n\t\t<\/section>\n\t\t\t\t\t\t\t<\/div>\n\t\t","protected":false},"excerpt":{"rendered":"<p>Morada AVENIDA CORONEL SAMPAIO RIO PRAIA DO PEDROG\u00c3O 2425-458 COIMBR\u00c3O Contactos (+351) 912 266 106 (+351) 244 011 143 Email info@esplanadaama.pt reservas@esplanadaama.pt Tem alguma d\u00favida? Para fazer a sua reserva [&hellip;]<\/p>\n","protected":false},"author":1,"featured_media":843,"parent":0,"menu_order":0,"comment_status":"closed","ping_status":"closed","template":"tpl-default-elementor.php","meta":{"footnotes":""},"class_list":["post-318","page","type-page","status-publish","has-post-thumbnail","hentry"],"_links":{"self":[{"href":"https:\/\/esplanadaama.pt\/novo\/wp-json\/wp\/v2\/pages\/318","targetHints":{"allow":["GET"]}}],"collection":[{"href":"https:\/\/esplanadaama.pt\/novo\/wp-json\/wp\/v2\/pages"}],"about":[{"href":"https:\/\/esplanadaama.pt\/novo\/wp-json\/wp\/v2\/types\/page"}],"author":[{"embeddable":true,"href":"https:\/\/esplanadaama.pt\/novo\/wp-json\/wp\/v2\/users\/1"}],"replies":[{"embeddable":true,"href":"https:\/\/esplanadaama.pt\/novo\/wp-json\/wp\/v2\/comments?post=318"}],"version-history":[{"count":27,"href":"https:\/\/esplanadaama.pt\/novo\/wp-json\/wp\/v2\/pages\/318\/revisions"}],"predecessor-version":[{"id":1084,"href":"https:\/\/esplanadaama.pt\/novo\/wp-json\/wp\/v2\/pages\/318\/revisions\/1084"}],"wp:featuredmedia":[{"embeddable":true,"href":"https:\/\/esplanadaama.pt\/novo\/wp-json\/wp\/v2\/media\/843"}],"wp:attachment":[{"href":"https:\/\/esplanadaama.pt\/novo\/wp-json\/wp\/v2\/media?parent=318"}],"curies":[{"name":"wp","href":"https:\/\/api.w.org\/{rel}","templated":true}]}}