{"id":697,"date":"2020-10-07T09:24:38","date_gmt":"2020-10-07T09:24:38","guid":{"rendered":"http:\/\/el.commonsupport.com\/newwp\/hotera\/?page_id=11"},"modified":"2023-08-01T16:07:43","modified_gmt":"2023-08-01T16:07:43","slug":"desportiva","status":"publish","type":"page","link":"https:\/\/esplanadaama.pt\/novo\/desportiva\/","title":{"rendered":"Desportiva"},"content":{"rendered":"\t\t<div data-elementor-type=\"wp-page\" data-elementor-id=\"697\" class=\"elementor elementor-697\">\n\t\t\t\t\t\t\t\t\t<section class=\"elementor-section elementor-top-section elementor-element elementor-element-1d24f73 elementor-section-full_width elementor-section-height-default elementor-section-height-default\" data-id=\"1d24f73\" data-element_type=\"section\">\n\t\t\t\t\t\t<div class=\"elementor-container elementor-column-gap-default\">\n\t\t\t\t\t<div class=\"elementor-column elementor-col-100 elementor-top-column elementor-element elementor-element-3a8f84c\" data-id=\"3a8f84c\" data-element_type=\"column\">\n\t\t\t<div class=\"elementor-widget-wrap elementor-element-populated\">\n\t\t\t\t\t\t\t\t<div class=\"elementor-element elementor-element-91bfaf6 elementor-widget elementor-widget-hotera_slider_v1\" data-id=\"91bfaf6\" data-element_type=\"widget\" data-widget_type=\"hotera_slider_v1.default\">\n\t\t\t\t<div class=\"elementor-widget-container\">\n\t\t\t        \t\n        <!-- Banner Section -->\n        <section class=\"banner-section banner-one\">\n            <div class=\"banner-bottom-pattern\"><\/div>\n    \n            <div class=\"banner-carousel owl-theme owl-carousel\">\n                                <!-- Slide Item -->\n                <div class=\"slide-item\">\n                    <div class=\"image-layer\" style=\"background-image: url(https:\/\/esplanadaama.pt\/novo\/wp-content\/uploads\/2023\/08\/06.jpg);\"><\/div>\n                    <div class=\"auto-container\">\n                        <div class=\"content-box\">\n                            <div class=\"content\">\n                                <div class=\"inner\">\n                                    <h1>Escola de<br>Surf<\/h1>\n                                    <div class=\"text\"><\/div>\n                                <\/div>\n                            <\/div>\n                        <\/div>  \n                    <\/div>\n                <\/div>\n    \t\t\t                <!-- Slide Item -->\n                <div class=\"slide-item\">\n                    <div class=\"image-layer\" style=\"background-image: url(https:\/\/esplanadaama.pt\/novo\/wp-content\/uploads\/2023\/08\/pesca_ludica.jpg);\"><\/div>\n                    <div class=\"auto-container\">\n                        <div class=\"content-box\">\n                            <div class=\"content\">\n                                <div class=\"inner\">\n                                    <h1>Pesca<br> L\u00fadica<\/h1>\n                                    <div class=\"text\"><\/div>\n                                <\/div>\n                            <\/div>\n                        <\/div>  \n                    <\/div>\n                <\/div>\n    \t\t\t            <\/div>\n        <\/section>\n        <!--End Banner Section -->\n        \n\t\t\t\t<\/div>\n\t\t\t\t<\/div>\n\t\t\t\t\t<\/div>\n\t\t<\/div>\n\t\t\t\t\t\t\t<\/div>\n\t\t<\/section>\n\t\t\t\t<section class=\"elementor-section elementor-top-section elementor-element elementor-element-5f072ef ht-search-form elementor-section-boxed elementor-section-height-default elementor-section-height-default\" data-id=\"5f072ef\" data-element_type=\"section\" data-settings=\"{&quot;background_background&quot;:&quot;classic&quot;}\">\n\t\t\t\t\t\t<div class=\"elementor-container elementor-column-gap-default\">\n\t\t\t\t\t<div class=\"elementor-column elementor-col-100 elementor-top-column elementor-element elementor-element-34c47ed\" data-id=\"34c47ed\" data-element_type=\"column\">\n\t\t\t<div class=\"elementor-widget-wrap elementor-element-populated\">\n\t\t\t\t\t\t\t\t<div class=\"elementor-element elementor-element-3e1ceea elementor-widget elementor-widget-wp-widget-hb_widget_search\" data-id=\"3e1ceea\" data-element_type=\"widget\" data-widget_type=\"wp-widget-hb_widget_search.default\">\n\t\t\t\t<div class=\"elementor-widget-container\">\n\t\t\t<div id=\"hotel-booking-search-69e0343dab0d4\" class=\"hotel-booking-search\">\n\t\n    <form  name=\"hb-search-form\"\n                                                                                    action=\"\"\n                                                                                    class=\"hb-search-form-69e0343dab0ca\">\n        <ul class=\"hb-form-table\">\n            <li class=\"hb-form-field\">\n\t\t\t\t                <div class=\"hb-form-field-input hb_input_field\">\n                    <input type=\"text\" name=\"check_in_date\" id=\"check_in_date_69e0343dab0ca\"\n                           class=\"hb_input_date_check\" value=\"\"\n                           placeholder=\"Arrival Date\"\n                           autocomplete=\"off\"\/>\n                <\/div>\n            <\/li>\n\n            <li class=\"hb-form-field\">\n\t\t\t\t                <div class=\"hb-form-field-input hb_input_field\">\n                    <input type=\"text\" name=\"check_out_date\" id=\"check_out_date_69e0343dab0ca\"\n                           class=\"hb_input_date_check\" value=\"\"\n                           placeholder=\"Departure Date\"\n                           autocomplete=\"off\"\/>\n                <\/div>\n            <\/li>\n\n            <li class=\"hb-form-field\">\n\t\t\t\t                <div class=\"hb-form-field-input\">\n\t\t\t\t\t<select name=\"adults_capacity\" ><option value=\"\">Adults<\/option><option value=\"1\">1<\/option><option value=\"2\">2<\/option><option value=\"3\">3<\/option><option value=\"4\">4<\/option><option value=\"5\">5<\/option><option value=\"6\">6<\/option><option value=\"7\">7<\/option><option value=\"8\">8<\/option><option value=\"9\">9<\/option><option value=\"10\">10<\/option><\/select>                <\/div>\n            <\/li>\n\n            <li class=\"hb-form-field\">\n\t\t\t\t                <div class=\"hb-form-field-input\">\n\t\t\t\t\t<select name=\"max_child\" ><option value=\"\">Children<\/option><option value=\"1\">1<\/option><option value=\"2\">2<\/option><\/select>                <\/div>\n            <\/li>\n        <\/ul>\n\t\t<input type=\"hidden\" id=\"nonce\" name=\"nonce\" value=\"cf898dc84d\" \/><input type=\"hidden\" name=\"_wp_http_referer\" value=\"\/novo\/wp-json\/wp\/v2\/pages\/697\" \/>\t\t<input type=\"hidden\" name=\"hotel-booking\" value=\"results\"\/>\n\t\t<input type=\"hidden\" name=\"widget-search\"\n\t\t\t   value=\"&quot;1&quot;\"\/>\n\t\t<input type=\"hidden\" name=\"action\" value=\"hotel_booking_parse_search_params\"\/>\n\t\t<input type=\"hidden\" name=\"paged\" value=\"1\"\/>\n\t\t<p class=\"hb-submit\">\n\t\t\t<button type=\"submit\" class=\"wphb-button\">Check Availability<\/button>\n\t\t<\/p>\n\t<\/form>\n        <div class=\"sort-by-wrapper\">\n\t\t        <div class=\"show-number\">\n\t\t\t        <\/div>\n\n        <div class=\"sort-by\">\n            <span class=\"sort-by__label\">Sort By :<\/span>\n            <div class=\"select\">\n                <div class=\"toggle\">\n\t\t\t\t\tDefault (Newest)                <\/div>\n                <ul class=\"sort-by__list\">\n\t\t\t\t\t                        <li class=\"sort-by__list-item active\" data-value=\"date-desc\">\n\t\t\t\t\t\t\tDefault (Newest)                        <\/li>\n\t\t\t\t\t\t                        <li class=\"sort-by__list-item\" data-value=\"date-asc\">\n\t\t\t\t\t\t\tOldest                        <\/li>\n\t\t\t\t\t\t                        <li class=\"sort-by__list-item\" data-value=\"title-asc\">\n\t\t\t\t\t\t\tA to Z                        <\/li>\n\t\t\t\t\t\t                        <li class=\"sort-by__list-item\" data-value=\"title-desc\">\n\t\t\t\t\t\t\tZ to A                        <\/li>\n\t\t\t\t\t\t                <\/ul>\n            <\/div>\n        <\/div>\n\t\t    <\/div>\n\t<\/div>\n\t\t<\/div>\n\t\t\t\t<\/div>\n\t\t\t\t\t<\/div>\n\t\t<\/div>\n\t\t\t\t\t\t\t<\/div>\n\t\t<\/section>\n\t\t\t\t<section class=\"elementor-section elementor-top-section elementor-element elementor-element-7f02951 elementor-section-full_width elementor-section-height-default elementor-section-height-default\" data-id=\"7f02951\" data-element_type=\"section\">\n\t\t\t\t\t\t<div class=\"elementor-container elementor-column-gap-default\">\n\t\t\t\t\t<div class=\"elementor-column elementor-col-100 elementor-top-column elementor-element elementor-element-f44f21d\" data-id=\"f44f21d\" data-element_type=\"column\">\n\t\t\t<div class=\"elementor-widget-wrap elementor-element-populated\">\n\t\t\t\t\t\t\t\t<div class=\"elementor-element elementor-element-35bd449 elementor-widget elementor-widget-hotera_about_us\" data-id=\"35bd449\" data-element_type=\"widget\" data-widget_type=\"hotera_about_us.default\">\n\t\t\t\t<div class=\"elementor-widget-container\">\n\t\t\t        \t\n        <!--About Section-->\n        <section class=\"about-section\">\n                        <div class=\"pattern-bottom\"><\/div>\n            <span class=\"dotted-pattern dotted-pattern-1\"><\/span>\n            <span class=\"tri-pattern tri-pattern-1\"><\/span>\n                        <div class=\"auto-container\">\n                \n                <div class=\"row clearfix\">\n                    <!--Text Column-->\n                    <div class=\"text-column col-lg-6 col-md-12 col-sm-12\">\n                        <div class=\"inner\">\n                            <div class=\"sec-title\">\n                                <h2>Escola<br>de Surf<\/h2>\n                            <\/div>\n                            <div class=\"text\">A escola de surf da Associa\u00e7\u00e3o de Moradores e Amigos do Casal Ventoso da Praia do Pedr\u00f3g\u00e3o \u2013 Esplanada AMA \u00e9 o lugar ideal para todos aqueles que desejam aprender a surfar, aperfei\u00e7oar suas habilidades ou simplesmente desfrutar da emocionante cultura do surf. Com muita experi\u00eancia no ensino e uma equipe de instrutores apaixonados, oferecemos uma experi\u00eancia \u00fanica para surfistas de todos os n\u00edveis.<\/div>\n                            <div class=\"link-box\">\n                                <a href=\"https:\/\/esplanadaama.pt\/novo\/contactos\/\" class=\"theme-btn btn-style-one\"><span class=\"btn-title\">Marca a tua aula<\/span><\/a>\n                            <\/div>\n                        <\/div>\n                    <\/div>\n                    <!--Image Column-->\n                    <div class=\"image-column col-lg-6 col-md-12 col-sm-12\">\n                        <div class=\"inner wow fadeInLeft\" data-wow-delay=\"0ms\" data-wow-duration=\"1500ms\">\n                            <div class=\"image-box\">\n                                                                <span class=\"dotted-pattern dotted-pattern-2\"><\/span>\n                                \t\t\t\t\t\t\t\t<figure class=\"image\"><img decoding=\"async\" src=\"https:\/\/esplanadaama.pt\/novo\/wp-content\/uploads\/2023\/07\/surf.jpg\" alt=\"Awesome Image\"><\/figure>                                <div class=\"cap\"><span class=\"txt\">03<br>Anos<br>of <br>Exp.<\/span><\/div>\n                            <\/div>\n                        <\/div>\n                    <\/div>\n                <\/div>\n            <\/div>\n        <\/section>\n        \n\t\t\t\t<\/div>\n\t\t\t\t<\/div>\n\t\t\t\t<div class=\"elementor-element elementor-element-ab8465d elementor-widget elementor-widget-hotera_our_features\" data-id=\"ab8465d\" data-element_type=\"widget\" data-widget_type=\"hotera_our_features.default\">\n\t\t\t\t<div class=\"elementor-widget-container\">\n\t\t\t       \t\n        <!--Featured Section-->\n        <section class=\"featured-section\">\n                        <div class=\"auto-container\">\n                                <div class=\"featured-block\">\n                    <div class=\"row clearfix\">\n                        <!--Text Column-->\n                        <div class=\"text-column col-lg-6 col-md-12 col-sm-12\">\n                            <div class=\"inner wow fadeInRight\" data-wow-delay=\"0ms\" data-wow-duration=\"1500ms\">\n                                <h3><\/h3>\n                                <div class=\"text\">Nossas instala\u00e7\u00f5es est\u00e3o localizadas em uma das praias mais deslumbrantes da regi\u00e3o a Praia do Pedrog\u00e3o. Com ondas consistentes e uma paisagem natural, este \u00e9 o cen\u00e1rio perfeito para aprender e praticar o surf. A seguran\u00e7a \u00e9 sempre nossa prioridade, e todos os nossos instrutores s\u00e3o certificados em primeiros socorros e salvamento aqu\u00e1tico.\nAs nossas aulas s\u00e3o projetadas para atender \u00e0s necessidades individuais de cada aluno, desde iniciantes at\u00e9 surfistas mais experientes que buscam aprimorar sua t\u00e9cnica. Se nunca te colocaste em cima de uma prancha de surf antes, n\u00e3o te preocupes! Os nossos instrutores s\u00e3o dedicados e ir\u00e3o gui\u00e1-lo passo a passo, explicando as no\u00e7\u00f5es b\u00e1sicas de surf, como posicionamento na prancha, remada, como se levantar na onda e dicas de seguran\u00e7a.<\/div>\n                                <div class=\"link-box\">\n                                    <a href=\"https:\/\/esplanadaama.pt\/novo\/contactos\/\" class=\"theme-btn btn-style-one\"><span class=\"btn-title\">Marca a tua aula<\/span><\/a>\n                                <\/div>\n                            <\/div>\n                        <\/div>\n                        <!--Image Column-->\n                        <div class=\"image-column col-lg-6 col-md-12 col-sm-12\">\n                            <div class=\"inner wow fadeInLeft\" data-wow-delay=\"0ms\" data-wow-duration=\"1500ms\">\n                                <div class=\"image-box\">\n                                    <figure class=\"image\"><a href=\"https:\/\/esplanadaama.pt\/novo\/contactos\/\"><img decoding=\"async\" src=\"https:\/\/esplanadaama.pt\/novo\/wp-content\/uploads\/2023\/08\/05.jpg\" alt=\"Awesome Image\"><\/a><\/figure>                                <\/div>\n                            <\/div>\n                        <\/div>\n                    <\/div>\n                <\/div>\n                                <div class=\"featured-block alternate\">\n                    <div class=\"row clearfix\">\n                        <!--Text Column-->\n                        <div class=\"text-column col-lg-6 col-md-12 col-sm-12\">\n                            <div class=\"inner wow fadeInLeft\" data-wow-delay=\"0ms\" data-wow-duration=\"1500ms\">\n                                <h3><\/h3>\n                                <div class=\"text\">Para aqueles que j\u00e1 t\u00eam alguma experi\u00eancia no surf, os nossos instrutores especializados ir\u00e3o analisar sua t\u00e9cnica, fornecer feedback valioso e ajud\u00e1-lo a aperfei\u00e7oar o seu estilo. Al\u00e9m disso, as nossas sess\u00f5es de treinamento avan\u00e7ado podem ajud\u00e1-lo a conquistar ondas maiores e mais desafiadoras, para que possas levar as tuas habilidades ao pr\u00f3ximo n\u00edvel.\nAcreditamos que o surf n\u00e3o \u00e9 apenas uma atividade f\u00edsica, mas tamb\u00e9m uma forma de conectar-se com a natureza e desfrutar de momentos inesquec\u00edveis. Portanto, as nossas aulas tamb\u00e9m enfatizam a import\u00e2ncia de cuidar do meio ambiente e respeitar os oceanos.\nIndependentemente de voc\u00ea ser um iniciante animado ou um surfista experiente, a nossa escola de surf \u00e9 o lugar ideal para aprimorar suas habilidades, fazer novas amizades e aproveitar ao m\u00e1ximo sua paix\u00e3o pelo surf. Junte-se a n\u00f3s e vamos pegar algumas ondas juntos!\nEntre em contato connosco para mais informa\u00e7\u00f5es sobre nossos pacotes de aulas, hor\u00e1rios e disponibilidade. Esperamos v\u00ea-lo em breve!!<\/div>\n                                <div class=\"link-box\">\n                                    <a href=\"https:\/\/esplanadaama.pt\/novo\/contactos\/\" class=\"theme-btn btn-style-one\"><span class=\"btn-title\">Marca a tua Aula<\/span><\/a>\n                                <\/div>\n                            <\/div>\n                        <\/div>\n                        <!--Image Column-->\n                        <div class=\"image-column col-lg-6 col-md-12 col-sm-12\">\n                            <div class=\"inner wow fadeInRight\" data-wow-delay=\"0ms\" data-wow-duration=\"1500ms\">\n                                <div class=\"image-box\">\n                                    <figure class=\"image\"><a href=\"https:\/\/esplanadaama.pt\/novo\/contactos\/\"><img decoding=\"async\" src=\"https:\/\/esplanadaama.pt\/novo\/wp-content\/uploads\/2023\/08\/0666.jpg\" alt=\"Awesome Image\"><\/a><\/figure>                                <\/div>\n                            <\/div>\n                        <\/div>\n                    <\/div>\n                <\/div>\n                            <\/div>\n        <\/section>\n        \n\t\t\t\t<\/div>\n\t\t\t\t<\/div>\n\t\t\t\t<div class=\"elementor-element elementor-element-e9bd74c elementor-widget elementor-widget-hotera_video_section\" data-id=\"e9bd74c\" data-element_type=\"widget\" data-widget_type=\"hotera_video_section.default\">\n\t\t\t\t<div class=\"elementor-widget-container\">\n\t\t\t        \t\n        <!--Video Section-->\n        <section class=\"video-section\">\n            <div class=\"image-layer\" style=\"background-image: url(https:\/\/esplanadaama.pt\/novo\/wp-content\/uploads\/2023\/08\/pesca_ludica.jpg);\" ><\/div>\n            <div class=\"auto-container\">\n                <div class=\"content-box wow zoomIn\" data-wow-delay=\"0ms\" data-wow-duration=\"2000ms\">\n                    <h1>Pesca L\u00fadica<\/h1>\n                    <div class=\"play-link\"><a href=\"https:\/\/www.youtube.com\/watch?v=Get7rqXYrbQ\" class=\"lightbox-image\"><span class=\"icon flaticon-play-button-3\"><\/span><\/a><\/div>\n                <\/div>\n            <\/div>\n        <\/section>\n        \n\t\t\t\t<\/div>\n\t\t\t\t<\/div>\n\t\t\t\t\t<\/div>\n\t\t<\/div>\n\t\t\t\t\t\t\t<\/div>\n\t\t<\/section>\n\t\t\t\t<section class=\"elementor-section elementor-top-section elementor-element elementor-element-289f076 elementor-section-boxed elementor-section-height-default elementor-section-height-default\" data-id=\"289f076\" data-element_type=\"section\">\n\t\t\t\t\t\t<div class=\"elementor-container elementor-column-gap-default\">\n\t\t\t\t\t<div class=\"elementor-column elementor-col-100 elementor-top-column elementor-element elementor-element-b7159a6\" data-id=\"b7159a6\" data-element_type=\"column\">\n\t\t\t<div class=\"elementor-widget-wrap elementor-element-populated\">\n\t\t\t\t\t\t\t\t<div class=\"elementor-element elementor-element-7024b20 elementor-widget elementor-widget-text-editor\" data-id=\"7024b20\" data-element_type=\"widget\" data-widget_type=\"text-editor.default\">\n\t\t\t\t<div class=\"elementor-widget-container\">\n\t\t\t<style>\/*! elementor - v3.15.0 - 31-07-2023 *\/\n.elementor-widget-text-editor.elementor-drop-cap-view-stacked .elementor-drop-cap{background-color:#69727d;color:#fff}.elementor-widget-text-editor.elementor-drop-cap-view-framed .elementor-drop-cap{color:#69727d;border:3px solid;background-color:transparent}.elementor-widget-text-editor:not(.elementor-drop-cap-view-default) .elementor-drop-cap{margin-top:8px}.elementor-widget-text-editor:not(.elementor-drop-cap-view-default) .elementor-drop-cap-letter{width:1em;height:1em}.elementor-widget-text-editor .elementor-drop-cap{float:left;text-align:center;line-height:1;font-size:50px}.elementor-widget-text-editor .elementor-drop-cap-letter{display:inline-block}<\/style>\t\t\t\t<p align=\"justify\">A pesca l\u00fadica da A Associa\u00e7\u00e3o de Moradores e Amigos do Casal Ventoso da Praia do Pedr\u00f3g\u00e3o \u2013 Esplanada AMA, tamb\u00e9m conhecida como pesca recreativa ou pesca esportiva, \u00e9 uma atividade de lazer em que os pescadores praticam a pesca por prazer, entretenimento e relaxamento, em vez de visar lucro comercial. Diferentemente da pesca profissional, onde o objetivo principal \u00e9 capturar peixes para consumo ou com\u00e9rcio, a pesca l\u00fadica enfatiza a experi\u00eancia de estar na natureza, o desafio pessoal de capturar peixes e a libera\u00e7\u00e3o dos animais ap\u00f3s a captura, na maioria das vezes, com o intuito de preservar o ecossistema aqu\u00e1tico.<\/p><p align=\"justify\">A pesca l\u00fadica pode ser praticada em uma variedade de ambientes aqu\u00e1ticos, como rios, lagos, lagoas, praias e mar aberto. Ela atrai pescadores de todas as idades e n\u00edveis de habilidade, desde iniciantes at\u00e9 especialistas experientes. Muitos pescadores apreciam a pesca l\u00fadica como uma oportunidade de conectar-se com a natureza, relaxar, aliviar o estresse e desfrutar de momentos tranquilos.<\/p><p align=\"justify\"><strong>Algumas das principais caracter\u00edsticas da pesca l\u00fadica incluem:<\/strong><\/p>\t\t\t\t\t\t<\/div>\n\t\t\t\t<\/div>\n\t\t\t\t<section class=\"elementor-section elementor-inner-section elementor-element elementor-element-6cf3f9e elementor-section-boxed elementor-section-height-default elementor-section-height-default\" data-id=\"6cf3f9e\" data-element_type=\"section\">\n\t\t\t\t\t\t<div class=\"elementor-container elementor-column-gap-default\">\n\t\t\t\t\t<div class=\"elementor-column elementor-col-50 elementor-inner-column elementor-element elementor-element-aff434e\" data-id=\"aff434e\" data-element_type=\"column\">\n\t\t\t<div class=\"elementor-widget-wrap elementor-element-populated\">\n\t\t\t\t\t\t\t\t<div class=\"elementor-element elementor-element-5b31be9 elementor-widget elementor-widget-text-editor\" data-id=\"5b31be9\" data-element_type=\"widget\" data-widget_type=\"text-editor.default\">\n\t\t\t\t<div class=\"elementor-widget-container\">\n\t\t\t\t\t\t\t<p><strong>1.<\/strong> Captura e soltura (pesca esportiva): Muitos pescadores l\u00fadicos praticam a captura e soltura, liberando o peixe de volta \u00e0 \u00e1gua ap\u00f3s a captura. Isso \u00e9 feito para preservar as popula\u00e7\u00f5es de peixes e manter o equil\u00edbrio do ecossistema aqu\u00e1tico.<\/p><p><strong>2.<\/strong> Respeito ao meio ambiente: Os pescadores l\u00fadicos geralmente t\u00eam um forte senso de respeito pelo meio ambiente e pelas esp\u00e9cies aqu\u00e1ticas. Eles seguem regulamentos locais de pesca, respeitam os tamanhos m\u00ednimos de captura e agem de forma consciente para proteger os recursos naturais.<\/p><p align=\"justify\"><strong>3.<\/strong> Divers\u00e3o e desafio: A pesca l\u00fadica oferece uma experi\u00eancia de lazer, mas tamb\u00e9m envolve desafios emocionais e t\u00e9cnicos. Os pescadores podem experimentar a satisfa\u00e7\u00e3o pessoal de superar obst\u00e1culos, melhorar suas habilidades de pesca e aprender com cada sa\u00edda.<\/p>\t\t\t\t\t\t<\/div>\n\t\t\t\t<\/div>\n\t\t\t\t\t<\/div>\n\t\t<\/div>\n\t\t\t\t<div class=\"elementor-column elementor-col-50 elementor-inner-column elementor-element elementor-element-eee1e3b\" data-id=\"eee1e3b\" data-element_type=\"column\">\n\t\t\t<div class=\"elementor-widget-wrap elementor-element-populated\">\n\t\t\t\t\t\t\t\t<div class=\"elementor-element elementor-element-62f4d98 elementor-widget elementor-widget-text-editor\" data-id=\"62f4d98\" data-element_type=\"widget\" data-widget_type=\"text-editor.default\">\n\t\t\t\t<div class=\"elementor-widget-container\">\n\t\t\t\t\t\t\t<p align=\"justify\"><strong>4.<\/strong> Socializa\u00e7\u00e3o: A pesca l\u00fadica tamb\u00e9m pode ser uma atividade social, onde amigos e familiares se re\u00fanem para passar tempo juntos na natureza, compartilhando hist\u00f3rias e experi\u00eancias enquanto pescam.<\/p><p align=\"justify\"><strong>5.<\/strong> Conscientiza\u00e7\u00e3o ambiental: Atrav\u00e9s da pesca l\u00fadica, muitas pessoas desenvolvem uma maior consci\u00eancia sobre quest\u00f5es ambientais e a import\u00e2ncia da conserva\u00e7\u00e3o dos recursos naturais.<\/p><p align=\"justify\">\u00c9 importante lembrar que a pesca l\u00fadica deve ser praticada de forma respons\u00e1vel, seguindo as regras e regulamentos locais, respeitando o meio ambiente e assegurando que as pr\u00e1ticas de captura e soltura sejam feitas corretamente para preservar os ecossistemas e garantir a sustentabilidade da pesca a longo prazo.<\/p><p align=\"justify\">Entre em contato connosco para mais informa\u00e7\u00f5es sobre a pesca l\u00fadica. Esperamos v\u00ea-lo em breve!!<\/p>\t\t\t\t\t\t<\/div>\n\t\t\t\t<\/div>\n\t\t\t\t\t<\/div>\n\t\t<\/div>\n\t\t\t\t\t\t\t<\/div>\n\t\t<\/section>\n\t\t\t\t\t<\/div>\n\t\t<\/div>\n\t\t\t\t\t\t\t<\/div>\n\t\t<\/section>\n\t\t\t\t\t\t\t<\/div>\n\t\t","protected":false},"excerpt":{"rendered":"<p>Escola deSurf Pesca L\u00fadica Escolade Surf A escola de surf da Associa\u00e7\u00e3o de Moradores e Amigos do Casal Ventoso da Praia do Pedr\u00f3g\u00e3o \u2013 Esplanada AMA \u00e9 o lugar ideal [&hellip;]<\/p>\n","protected":false},"author":1,"featured_media":0,"parent":0,"menu_order":0,"comment_status":"closed","ping_status":"closed","template":"tpl-default-elementor.php","meta":{"footnotes":""},"class_list":["post-697","page","type-page","status-publish","hentry"],"_links":{"self":[{"href":"https:\/\/esplanadaama.pt\/novo\/wp-json\/wp\/v2\/pages\/697","targetHints":{"allow":["GET"]}}],"collection":[{"href":"https:\/\/esplanadaama.pt\/novo\/wp-json\/wp\/v2\/pages"}],"about":[{"href":"https:\/\/esplanadaama.pt\/novo\/wp-json\/wp\/v2\/types\/page"}],"author":[{"embeddable":true,"href":"https:\/\/esplanadaama.pt\/novo\/wp-json\/wp\/v2\/users\/1"}],"replies":[{"embeddable":true,"href":"https:\/\/esplanadaama.pt\/novo\/wp-json\/wp\/v2\/comments?post=697"}],"version-history":[{"count":50,"href":"https:\/\/esplanadaama.pt\/novo\/wp-json\/wp\/v2\/pages\/697\/revisions"}],"predecessor-version":[{"id":1061,"href":"https:\/\/esplanadaama.pt\/novo\/wp-json\/wp\/v2\/pages\/697\/revisions\/1061"}],"wp:attachment":[{"href":"https:\/\/esplanadaama.pt\/novo\/wp-json\/wp\/v2\/media?parent=697"}],"curies":[{"name":"wp","href":"https:\/\/api.w.org\/{rel}","templated":true}]}}