{"id":698,"date":"2020-10-07T09:25:25","date_gmt":"2020-10-07T09:25:25","guid":{"rendered":"http:\/\/el.commonsupport.com\/newwp\/hotera\/?page_id=13"},"modified":"2023-08-01T17:00:01","modified_gmt":"2023-08-01T17:00:01","slug":"cultural","status":"publish","type":"page","link":"https:\/\/esplanadaama.pt\/novo\/cultural\/","title":{"rendered":"Cultural"},"content":{"rendered":"\t\t<div data-elementor-type=\"wp-page\" data-elementor-id=\"698\" class=\"elementor elementor-698\">\n\t\t\t\t\t\t\t\t\t<section class=\"elementor-section elementor-top-section elementor-element elementor-element-41f26c4 elementor-section-full_width elementor-section-height-default elementor-section-height-default\" data-id=\"41f26c4\" data-element_type=\"section\">\n\t\t\t\t\t\t<div class=\"elementor-container elementor-column-gap-default\">\n\t\t\t\t\t<div class=\"elementor-column elementor-col-100 elementor-top-column elementor-element elementor-element-037091a\" data-id=\"037091a\" data-element_type=\"column\">\n\t\t\t<div class=\"elementor-widget-wrap elementor-element-populated\">\n\t\t\t\t\t\t\t\t<div class=\"elementor-element elementor-element-db900d3 elementor-widget elementor-widget-hotera_slider_v2\" data-id=\"db900d3\" data-element_type=\"widget\" data-widget_type=\"hotera_slider_v2.default\">\n\t\t\t\t<div class=\"elementor-widget-container\">\n\t\t\t        \t\n        <!-- Banner Section -->\n        <section class=\"banner-section banner-two\">\n    \n            <div class=\"banner-carousel owl-theme owl-carousel\">\n                                <!-- Slide Item -->\n                <div class=\"slide-item\">\n                    <div class=\"image-layer\" style=\"background-image: url(https:\/\/esplanadaama.pt\/novo\/wp-content\/uploads\/2023\/08\/345232381_581320940474469_7167214405577980125_n.jpg);\"><\/div>\n                    <div class=\"auto-container\">\n                        <div class=\"content-box\">\n                            <div class=\"content\">\n                                <div class=\"inner\">\n                                    <h1>M\u00fasica <br>ao vivo<\/h1>\n                                    <div class=\"text\"><\/div>\n                                <\/div>\n                            <\/div>\n                        <\/div>  \n                    <\/div>\n                <\/div>\n    \t\t\t                <!-- Slide Item -->\n                <div class=\"slide-item\">\n                    <div class=\"image-layer\" style=\"background-image: url(https:\/\/esplanadaama.pt\/novo\/wp-content\/uploads\/2023\/08\/Ap4HQNx.jpg);\"><\/div>\n                    <div class=\"auto-container\">\n                        <div class=\"content-box\">\n                            <div class=\"content\">\n                                <div class=\"inner\">\n                                    <h1>Gastronimia<br><\/h1>\n                                    <div class=\"text\"><\/div>\n                                <\/div>\n                            <\/div>\n                        <\/div>  \n                    <\/div>\n                <\/div>\n    \t\t\t                <!-- Slide Item -->\n                <div class=\"slide-item\">\n                    <div class=\"image-layer\" style=\"background-image: url(https:\/\/esplanadaama.pt\/novo\/wp-content\/uploads\/2023\/08\/img5c3e4b9e6e3bb_1547586462_1.jpg);\"><\/div>\n                    <div class=\"auto-container\">\n                        <div class=\"content-box\">\n                            <div class=\"content\">\n                                <div class=\"inner\">\n                                    <h1>Festival de<br> Marisco<\/h1>\n                                    <div class=\"text\"><\/div>\n                                <\/div>\n                            <\/div>\n                        <\/div>  \n                    <\/div>\n                <\/div>\n    \t\t\t            <\/div>\n        <\/section>\n        <!--End Banner Section -->\n        \n\t\t\t\t<\/div>\n\t\t\t\t<\/div>\n\t\t\t\t\t<\/div>\n\t\t<\/div>\n\t\t\t\t\t\t\t<\/div>\n\t\t<\/section>\n\t\t\t\t<section class=\"elementor-section elementor-top-section elementor-element elementor-element-a4a4368 elementor-section-full_width elementor-section-height-default elementor-section-height-default\" data-id=\"a4a4368\" data-element_type=\"section\">\n\t\t\t\t\t\t<div class=\"elementor-container elementor-column-gap-default\">\n\t\t\t\t\t<div class=\"elementor-column elementor-col-100 elementor-top-column elementor-element elementor-element-4cecaf8\" data-id=\"4cecaf8\" data-element_type=\"column\">\n\t\t\t<div class=\"elementor-widget-wrap elementor-element-populated\">\n\t\t\t\t\t\t\t\t<div class=\"elementor-element elementor-element-a4f69e4 elementor-widget elementor-widget-hotera_about_us_v2\" data-id=\"a4f69e4\" data-element_type=\"widget\" data-widget_type=\"hotera_about_us_v2.default\">\n\t\t\t\t<div class=\"elementor-widget-container\">\n\t\t\t        \t\n        <!--Featured Section-->\n        <section class=\"featured-section-two\">\n                        <div class=\"auto-container\">\n                <div class=\"row clearfix\">\n                    <!--Text Column-->\n                    <div class=\"text-column col-xl-4 col-lg-12 col-sm-12\">\n                        <div class=\"inner\">\n                            <div class=\"sec-title\">\n                                <h2>M\u00fasica<\/h2>\n                            <\/div>\n                            <div class=\"text\">A m\u00fasica \u00e9 uma forma de arte que envolve a combina\u00e7\u00e3o de sons organizados de maneira harmoniosa e expressiva. A Associa\u00e7\u00e3o de Moradores e Amigos do Casal Ventoso da Praia do Pedr\u00f3g\u00e3o \u2013 Esplanada AMA proporciona aos seus clientes um ambiente agrad\u00e1vel e acolhedor tornando a experi\u00eancia gastron\u00f4mica ainda mais agrad\u00e1vel. \u00c9 uma das formas de express\u00e3o mais antigas e universais da humanidade, presente em todas as culturas e sociedades ao longo da hist\u00f3ria. A m\u00fasica \u00e9 produzida por artistas nacionais e por uma ampla variedade de instrumentos musicais, que podem ser tocados individualmente ou em conjunto para criar diferentes arranjos e estilos musicais.<\/div>\n                                                    <\/div>\n                    <\/div>\n                    <!--Image Column-->\n                    <div class=\"image-column col-xl-8 col-lg-12 col-sm-12\">\n                        <div class=\"inner\">\n                            <span class=\"dotted-pattern dotted-pattern-2\"><\/span>\n                            <div class=\"row clearfix\">\n                                <div class=\"image-block col-lg-6 col-md-6 col-sm-12 wow fadeInUp\" data-wow-delay=\"0ms\" data-wow-duration=\"1500ms\">\n                                    <div class=\"image-box\">\n                                        <figure class=\"image\"><a href=\"http:\/\/el.commonsupport.com\/newwp\/hotera\/about-us\/\"><img decoding=\"async\" src=\"https:\/\/esplanadaama.pt\/novo\/wp-content\/uploads\/2023\/08\/345232381_581320940474469_7167214405577980125_n.jpg\" alt=\"Awesome Image\"><\/a><\/figure>                                    <\/div>\n                                <\/div>\n                                <div class=\"image-block col-lg-6 col-md-6 col-sm-12 wow fadeInDown\" data-wow-delay=\"0ms\" data-wow-duration=\"1500ms\">\n                                    <div class=\"image-box\">\n                                        <figure class=\"image\"><img decoding=\"async\" src=\"https:\/\/esplanadaama.pt\/novo\/wp-content\/uploads\/2023\/08\/357739221_845157607028227_5555852087785581270_n.jpg\" alt=\"Awesome Image\"><\/figure>                                        <div class=\"cap\"><span class=\"txt\">Viva a m\u00fasica intensamente: <br>Emo\u00e7\u00e3o pura e ao vivo, um espet\u00e1culo<br>\u00a0inesquec\u00edvel<\/span><\/div>\n                                    <\/div>\n                                <\/div>\n                            <\/div>\n                        <\/div>\n                    <\/div>\n                <\/div>\n            <\/div>\n        <\/section>\n        \n\t\t\t\t<\/div>\n\t\t\t\t<\/div>\n\t\t\t\t<section class=\"elementor-section elementor-inner-section elementor-element elementor-element-b78f5b0 elementor-section-boxed elementor-section-height-default elementor-section-height-default\" data-id=\"b78f5b0\" data-element_type=\"section\">\n\t\t\t\t\t\t<div class=\"elementor-container elementor-column-gap-default\">\n\t\t\t\t\t<div class=\"elementor-column elementor-col-50 elementor-inner-column elementor-element elementor-element-d053895\" data-id=\"d053895\" data-element_type=\"column\">\n\t\t\t<div class=\"elementor-widget-wrap elementor-element-populated\">\n\t\t\t\t\t\t\t\t<div class=\"elementor-element elementor-element-f4ed6e6 elementor-widget elementor-widget-text-editor\" data-id=\"f4ed6e6\" data-element_type=\"widget\" data-widget_type=\"text-editor.default\">\n\t\t\t\t<div class=\"elementor-widget-container\">\n\t\t\t<style>\/*! elementor - v3.15.0 - 31-07-2023 *\/\n.elementor-widget-text-editor.elementor-drop-cap-view-stacked .elementor-drop-cap{background-color:#69727d;color:#fff}.elementor-widget-text-editor.elementor-drop-cap-view-framed .elementor-drop-cap{color:#69727d;border:3px solid;background-color:transparent}.elementor-widget-text-editor:not(.elementor-drop-cap-view-default) .elementor-drop-cap{margin-top:8px}.elementor-widget-text-editor:not(.elementor-drop-cap-view-default) .elementor-drop-cap-letter{width:1em;height:1em}.elementor-widget-text-editor .elementor-drop-cap{float:left;text-align:center;line-height:1;font-size:50px}.elementor-widget-text-editor .elementor-drop-cap-letter{display:inline-block}<\/style>\t\t\t\t<p align=\"justify\">A m\u00fasica tem o poder de conectar pessoas de diferentes origens e promover a compreens\u00e3o m\u00fatua. Ela \u00e9 uma linguagem universal capaz de transcender barreiras lingu\u00edsticas e culturais, tocando os cora\u00e7\u00f5es das pessoas.<\/p>\t\t\t\t\t\t<\/div>\n\t\t\t\t<\/div>\n\t\t\t\t\t<\/div>\n\t\t<\/div>\n\t\t\t\t<div class=\"elementor-column elementor-col-50 elementor-inner-column elementor-element elementor-element-94b28a0\" data-id=\"94b28a0\" data-element_type=\"column\">\n\t\t\t<div class=\"elementor-widget-wrap elementor-element-populated\">\n\t\t\t\t\t\t\t\t<div class=\"elementor-element elementor-element-6472bab elementor-widget elementor-widget-text-editor\" data-id=\"6472bab\" data-element_type=\"widget\" data-widget_type=\"text-editor.default\">\n\t\t\t\t<div class=\"elementor-widget-container\">\n\t\t\t\t\t\t\t<p align=\"justify\">Em suma, a Esplanada AMA \u00e9 um local atraente e especial, que oferece um ambiente \u00fanico e agrad\u00e1vel para desfrutar da m\u00fasica, da gastronomia e de momentos inesquec\u00edveis com amigos e familiares.<\/p>\t\t\t\t\t\t<\/div>\n\t\t\t\t<\/div>\n\t\t\t\t\t<\/div>\n\t\t<\/div>\n\t\t\t\t\t\t\t<\/div>\n\t\t<\/section>\n\t\t\t\t<div class=\"elementor-element elementor-element-18dd5a6 elementor-widget elementor-widget-hotera_video_section\" data-id=\"18dd5a6\" data-element_type=\"widget\" data-widget_type=\"hotera_video_section.default\">\n\t\t\t\t<div class=\"elementor-widget-container\">\n\t\t\t        \t\n        <!--Video Section-->\n        <section class=\"video-section\">\n            <div class=\"image-layer\" style=\"background-image: url(https:\/\/esplanadaama.pt\/novo\/wp-content\/uploads\/2023\/08\/Ap4HQNx.jpg);\" ><\/div>\n            <div class=\"auto-container\">\n                <div class=\"content-box wow zoomIn\" data-wow-delay=\"0ms\" data-wow-duration=\"2000ms\">\n                    <h1>Festival da Gastronomia<\/h1>\n                    <div class=\"play-link\"><a href=\"\" class=\"lightbox-image\"><span class=\"icon flaticon-play-button-3\"><\/span><\/a><\/div>\n                <\/div>\n            <\/div>\n        <\/section>\n        \n\t\t\t\t<\/div>\n\t\t\t\t<\/div>\n\t\t\t\t\t<\/div>\n\t\t<\/div>\n\t\t\t\t\t\t\t<\/div>\n\t\t<\/section>\n\t\t\t\t<section class=\"elementor-section elementor-top-section elementor-element elementor-element-df3bdfb elementor-section-boxed elementor-section-height-default elementor-section-height-default\" data-id=\"df3bdfb\" data-element_type=\"section\">\n\t\t\t\t\t\t<div class=\"elementor-container elementor-column-gap-default\">\n\t\t\t\t\t<div class=\"elementor-column elementor-col-100 elementor-top-column elementor-element elementor-element-b73b781\" data-id=\"b73b781\" data-element_type=\"column\">\n\t\t\t<div class=\"elementor-widget-wrap elementor-element-populated\">\n\t\t\t\t\t\t\t\t<div class=\"elementor-element elementor-element-2ef96e8 elementor-widget elementor-widget-text-editor\" data-id=\"2ef96e8\" data-element_type=\"widget\" data-widget_type=\"text-editor.default\">\n\t\t\t\t<div class=\"elementor-widget-container\">\n\t\t\t\t\t\t\tA Associa\u00e7\u00e3o de Moradores e Amigos do Casal Ventoso da Praia do Pedr\u00f3g\u00e3o \u2013 Esplanada AMA participa em v\u00e1rios eventos relacionados com a gastronomia na regi\u00e3o a associa\u00e7\u00e3o une a culin\u00e1ria e a cultura, proporcionando uma experi\u00eancia enriquecedora. Estes eventos geralmente destacam pratos e iguarias t\u00edpicas da regi\u00e3o, permitindo que os visitantes mergulhem nas tradi\u00e7\u00f5es culin\u00e1rias e apreciem a diversidade gastron\u00f4mica.<br><br>\n\u00c9 uma experi\u00eancia social que une pessoas ao redor da mesa, proporcionando momentos de prazer e celebra\u00e7\u00e3o. Al\u00e9m disso, a gastronomia pode desempenhar um papel crucial na promo\u00e7\u00e3o da sustentabilidade, incentivando o uso respons\u00e1vel dos recursos naturais e a valoriza\u00e7\u00e3o da agricultura local.\t\t\t\t\t\t<\/div>\n\t\t\t\t<\/div>\n\t\t\t\t\t<\/div>\n\t\t<\/div>\n\t\t\t\t\t\t\t<\/div>\n\t\t<\/section>\n\t\t\t\t<section class=\"elementor-section elementor-top-section elementor-element elementor-element-5763ee7 elementor-section-boxed elementor-section-height-default elementor-section-height-default\" data-id=\"5763ee7\" data-element_type=\"section\">\n\t\t\t\t\t\t<div class=\"elementor-container elementor-column-gap-default\">\n\t\t\t\t\t<div class=\"elementor-column elementor-col-50 elementor-top-column elementor-element elementor-element-52052d8\" data-id=\"52052d8\" data-element_type=\"column\">\n\t\t\t<div class=\"elementor-widget-wrap elementor-element-populated\">\n\t\t\t\t\t\t\t\t<div class=\"elementor-element elementor-element-87ee237 elementor-widget__width-inherit elementor-widget elementor-widget-image\" data-id=\"87ee237\" data-element_type=\"widget\" data-widget_type=\"image.default\">\n\t\t\t\t<div class=\"elementor-widget-container\">\n\t\t\t<style>\/*! elementor - v3.15.0 - 31-07-2023 *\/\n.elementor-widget-image{text-align:center}.elementor-widget-image a{display:inline-block}.elementor-widget-image a img[src$=\".svg\"]{width:48px}.elementor-widget-image img{vertical-align:middle;display:inline-block}<\/style>\t\t\t\t\t\t\t\t\t\t\t\t<img loading=\"lazy\" decoding=\"async\" width=\"1024\" height=\"647\" src=\"https:\/\/esplanadaama.pt\/novo\/wp-content\/uploads\/2023\/08\/CARNE_001.jpg\" class=\"attachment-full size-full wp-image-1019\" alt=\"\" srcset=\"https:\/\/esplanadaama.pt\/novo\/wp-content\/uploads\/2023\/08\/CARNE_001.jpg 1024w, https:\/\/esplanadaama.pt\/novo\/wp-content\/uploads\/2023\/08\/CARNE_001-300x190.jpg 300w, https:\/\/esplanadaama.pt\/novo\/wp-content\/uploads\/2023\/08\/CARNE_001-768x485.jpg 768w\" sizes=\"auto, (max-width: 1024px) 100vw, 1024px\" \/>\t\t\t\t\t\t\t\t\t\t\t\t\t\t\t<\/div>\n\t\t\t\t<\/div>\n\t\t\t\t\t<\/div>\n\t\t<\/div>\n\t\t\t\t<div class=\"elementor-column elementor-col-50 elementor-top-column elementor-element elementor-element-f5e707f\" data-id=\"f5e707f\" data-element_type=\"column\">\n\t\t\t<div class=\"elementor-widget-wrap elementor-element-populated\">\n\t\t\t\t\t\t\t\t<div class=\"elementor-element elementor-element-1b7f8dd elementor-widget elementor-widget-image\" data-id=\"1b7f8dd\" data-element_type=\"widget\" data-widget_type=\"image.default\">\n\t\t\t\t<div class=\"elementor-widget-container\">\n\t\t\t\t\t\t\t\t\t\t\t\t\t\t\t<img loading=\"lazy\" decoding=\"async\" width=\"1024\" height=\"647\" src=\"https:\/\/esplanadaama.pt\/novo\/wp-content\/uploads\/2023\/08\/CARNE002.jpg\" class=\"attachment-full size-full wp-image-1018\" alt=\"\" srcset=\"https:\/\/esplanadaama.pt\/novo\/wp-content\/uploads\/2023\/08\/CARNE002.jpg 1024w, https:\/\/esplanadaama.pt\/novo\/wp-content\/uploads\/2023\/08\/CARNE002-300x190.jpg 300w, https:\/\/esplanadaama.pt\/novo\/wp-content\/uploads\/2023\/08\/CARNE002-768x485.jpg 768w\" sizes=\"auto, (max-width: 1024px) 100vw, 1024px\" \/>\t\t\t\t\t\t\t\t\t\t\t\t\t\t\t<\/div>\n\t\t\t\t<\/div>\n\t\t\t\t\t<\/div>\n\t\t<\/div>\n\t\t\t\t\t\t\t<\/div>\n\t\t<\/section>\n\t\t\t\t<section class=\"elementor-section elementor-top-section elementor-element elementor-element-1cc5cce elementor-section-full_width elementor-section-height-default elementor-section-height-default\" data-id=\"1cc5cce\" data-element_type=\"section\">\n\t\t\t\t\t\t<div class=\"elementor-container elementor-column-gap-default\">\n\t\t\t\t\t<div class=\"elementor-column elementor-col-100 elementor-top-column elementor-element elementor-element-9070ae1\" data-id=\"9070ae1\" data-element_type=\"column\">\n\t\t\t<div class=\"elementor-widget-wrap elementor-element-populated\">\n\t\t\t\t\t\t\t\t<div class=\"elementor-element elementor-element-76ddd74 elementor-widget elementor-widget-hotera_video_section\" data-id=\"76ddd74\" data-element_type=\"widget\" data-widget_type=\"hotera_video_section.default\">\n\t\t\t\t<div class=\"elementor-widget-container\">\n\t\t\t        \t\n        <!--Video Section-->\n        <section class=\"video-section\">\n            <div class=\"image-layer\" style=\"background-image: url(https:\/\/esplanadaama.pt\/novo\/wp-content\/uploads\/2023\/08\/img5c3e4b9e6e3bb_1547586462_1.jpg);\" ><\/div>\n            <div class=\"auto-container\">\n                <div class=\"content-box wow zoomIn\" data-wow-delay=\"0ms\" data-wow-duration=\"2000ms\">\n                    <h1>Festival Marisco<\/h1>\n                    <div class=\"play-link\"><a href=\"\" class=\"lightbox-image\"><span class=\"icon flaticon-play-button-3\"><\/span><\/a><\/div>\n                <\/div>\n            <\/div>\n        <\/section>\n        \n\t\t\t\t<\/div>\n\t\t\t\t<\/div>\n\t\t\t\t\t<\/div>\n\t\t<\/div>\n\t\t\t\t\t\t\t<\/div>\n\t\t<\/section>\n\t\t\t\t<section class=\"elementor-section elementor-top-section elementor-element elementor-element-232ad9c elementor-section-boxed elementor-section-height-default elementor-section-height-default\" data-id=\"232ad9c\" data-element_type=\"section\">\n\t\t\t\t\t\t<div class=\"elementor-container elementor-column-gap-default\">\n\t\t\t\t\t<div class=\"elementor-column elementor-col-100 elementor-top-column elementor-element elementor-element-bc2f9c8\" data-id=\"bc2f9c8\" data-element_type=\"column\">\n\t\t\t<div class=\"elementor-widget-wrap elementor-element-populated\">\n\t\t\t\t\t\t\t\t<div class=\"elementor-element elementor-element-ff537ac elementor-widget elementor-widget-text-editor\" data-id=\"ff537ac\" data-element_type=\"widget\" data-widget_type=\"text-editor.default\">\n\t\t\t\t<div class=\"elementor-widget-container\">\n\t\t\t\t\t\t\t<p>A Associa\u00e7\u00e3o de Moradores e Amigos do Casal Ventoso da Praia do Pedr\u00f3g\u00e3o \u2013 Esplanada AMA participa todos os anos no festival do Marisco da Praia do Pedrog\u00e3o \u00e9 um evento gastron\u00f4mico que celebra os frutos do mar e a culin\u00e1ria mar\u00edtima. Este festival atrai moradores locais e turistas que desejam desfrutar de uma ampla variedade de pratos \u00e0 base de frutos do mar frescos e deliciosos.<br \/>Esse tipo de festival \u00e9 uma oportunidade para os amantes da gastronomia apreciarem e experimentarem pratos de frutos do mar tradicionais, bem como cria\u00e7\u00f5es inovadoras de chefs e restaurantes locais. Os pratos podem incluir mariscos, lagostas, camar\u00f5es, mexilh\u00f5es, ostras, caranguejos, vieiras e muitos outros frutos do mar, geralmente preparados de maneiras diversas para agradar a todos os paladares.<br \/>Al\u00e9m da comida, o Festival do Marisco tamb\u00e9m pode apresentar m\u00fasica ao vivo, dan\u00e7as folcl\u00f3ricas, atividades culturais e artesanato local. \u00c9 uma celebra\u00e7\u00e3o completa que re\u00fane a comunidade para compartilhar a paix\u00e3o pela gastronomia e pelos sabores do mar.<br \/>Esses festivais t\u00eam um impacto positivo na economia local, atraindo turistas e visitantes, al\u00e9m disso, os Festivais do Marisco ajudam a promover os produtos locais, a cultura pesqueira e as tradi\u00e7\u00f5es culin\u00e1rias da \u00e1rea.<br \/>Data a anunciar uma experi\u00eancia social que une pessoas ao redor da mesa, proporcionando momentos de prazer e celebra\u00e7\u00e3o. Al\u00e9m disso, a gastronomia pode desempenhar um papel crucial na promo\u00e7\u00e3o da sustentabilidade, incentivando o uso respons\u00e1vel dos recursos naturais e a valoriza\u00e7\u00e3o da agricultura local.<\/p>\t\t\t\t\t\t<\/div>\n\t\t\t\t<\/div>\n\t\t\t\t\t<\/div>\n\t\t<\/div>\n\t\t\t\t\t\t\t<\/div>\n\t\t<\/section>\n\t\t\t\t<section class=\"elementor-section elementor-top-section elementor-element elementor-element-48774e6 elementor-section-boxed elementor-section-height-default elementor-section-height-default\" data-id=\"48774e6\" data-element_type=\"section\">\n\t\t\t\t\t\t<div class=\"elementor-container elementor-column-gap-default\">\n\t\t\t\t\t<div class=\"elementor-column elementor-col-50 elementor-top-column elementor-element elementor-element-4aa8d64\" data-id=\"4aa8d64\" data-element_type=\"column\">\n\t\t\t<div class=\"elementor-widget-wrap elementor-element-populated\">\n\t\t\t\t\t\t\t\t<div class=\"elementor-element elementor-element-d10f167 elementor-widget__width-inherit elementor-widget elementor-widget-image\" data-id=\"d10f167\" data-element_type=\"widget\" data-widget_type=\"image.default\">\n\t\t\t\t<div class=\"elementor-widget-container\">\n\t\t\t\t\t\t\t\t\t\t\t\t\t\t\t<img loading=\"lazy\" decoding=\"async\" width=\"1024\" height=\"647\" src=\"https:\/\/esplanadaama.pt\/novo\/wp-content\/uploads\/2023\/08\/Sadzh-s-kare-yagnenka-mini-1.jpg\" class=\"attachment-full size-full wp-image-948\" alt=\"\" srcset=\"https:\/\/esplanadaama.pt\/novo\/wp-content\/uploads\/2023\/08\/Sadzh-s-kare-yagnenka-mini-1.jpg 1024w, https:\/\/esplanadaama.pt\/novo\/wp-content\/uploads\/2023\/08\/Sadzh-s-kare-yagnenka-mini-1-300x190.jpg 300w, https:\/\/esplanadaama.pt\/novo\/wp-content\/uploads\/2023\/08\/Sadzh-s-kare-yagnenka-mini-1-768x485.jpg 768w\" sizes=\"auto, (max-width: 1024px) 100vw, 1024px\" \/>\t\t\t\t\t\t\t\t\t\t\t\t\t\t\t<\/div>\n\t\t\t\t<\/div>\n\t\t\t\t\t<\/div>\n\t\t<\/div>\n\t\t\t\t<div class=\"elementor-column elementor-col-50 elementor-top-column elementor-element elementor-element-c0f591e\" data-id=\"c0f591e\" data-element_type=\"column\">\n\t\t\t<div class=\"elementor-widget-wrap elementor-element-populated\">\n\t\t\t\t\t\t\t\t<div class=\"elementor-element elementor-element-38405dd elementor-widget elementor-widget-image\" data-id=\"38405dd\" data-element_type=\"widget\" data-widget_type=\"image.default\">\n\t\t\t\t<div class=\"elementor-widget-container\">\n\t\t\t\t\t\t\t\t\t\t\t\t\t\t\t<img loading=\"lazy\" decoding=\"async\" width=\"1024\" height=\"647\" src=\"https:\/\/esplanadaama.pt\/novo\/wp-content\/uploads\/2023\/08\/Seafood.jpg\" class=\"attachment-full size-full wp-image-946\" alt=\"\" srcset=\"https:\/\/esplanadaama.pt\/novo\/wp-content\/uploads\/2023\/08\/Seafood.jpg 1024w, https:\/\/esplanadaama.pt\/novo\/wp-content\/uploads\/2023\/08\/Seafood-300x190.jpg 300w, https:\/\/esplanadaama.pt\/novo\/wp-content\/uploads\/2023\/08\/Seafood-768x485.jpg 768w\" sizes=\"auto, (max-width: 1024px) 100vw, 1024px\" \/>\t\t\t\t\t\t\t\t\t\t\t\t\t\t\t<\/div>\n\t\t\t\t<\/div>\n\t\t\t\t\t<\/div>\n\t\t<\/div>\n\t\t\t\t\t\t\t<\/div>\n\t\t<\/section>\n\t\t\t\t\t\t\t<\/div>\n\t\t","protected":false},"excerpt":{"rendered":"<p>M\u00fasica ao vivo Gastronimia Festival de Marisco M\u00fasica A m\u00fasica \u00e9 uma forma de arte que envolve a combina\u00e7\u00e3o de sons organizados de maneira harmoniosa e expressiva. A Associa\u00e7\u00e3o de [&hellip;]<\/p>\n","protected":false},"author":1,"featured_media":0,"parent":0,"menu_order":0,"comment_status":"closed","ping_status":"closed","template":"tpl-default-elementor.php","meta":{"footnotes":""},"class_list":["post-698","page","type-page","status-publish","hentry"],"_links":{"self":[{"href":"https:\/\/esplanadaama.pt\/novo\/wp-json\/wp\/v2\/pages\/698","targetHints":{"allow":["GET"]}}],"collection":[{"href":"https:\/\/esplanadaama.pt\/novo\/wp-json\/wp\/v2\/pages"}],"about":[{"href":"https:\/\/esplanadaama.pt\/novo\/wp-json\/wp\/v2\/types\/page"}],"author":[{"embeddable":true,"href":"https:\/\/esplanadaama.pt\/novo\/wp-json\/wp\/v2\/users\/1"}],"replies":[{"embeddable":true,"href":"https:\/\/esplanadaama.pt\/novo\/wp-json\/wp\/v2\/comments?post=698"}],"version-history":[{"count":64,"href":"https:\/\/esplanadaama.pt\/novo\/wp-json\/wp\/v2\/pages\/698\/revisions"}],"predecessor-version":[{"id":1096,"href":"https:\/\/esplanadaama.pt\/novo\/wp-json\/wp\/v2\/pages\/698\/revisions\/1096"}],"wp:attachment":[{"href":"https:\/\/esplanadaama.pt\/novo\/wp-json\/wp\/v2\/media?parent=698"}],"curies":[{"name":"wp","href":"https:\/\/api.w.org\/{rel}","templated":true}]}}